{"id":383,"date":"2015-03-16T11:36:46","date_gmt":"2015-03-16T10:36:46","guid":{"rendered":"http:\/\/96378.w78.wedos.ws\/domains\/holokrci.cz\/?page_id=383"},"modified":"2025-12-14T11:58:04","modified_gmt":"2025-12-14T10:58:04","slug":"fotogalerie","status":"publish","type":"page","link":"https:\/\/www.holokrci.cz\/?page_id=383","title":{"rendered":"Fotogalerie"},"content":{"rendered":"<p style=\"text-align: center;\"><a href=\"http:\/\/www.holokrci.cz\/wp-content\/uploads\/2015\/08\/front.png\" rel=\"attachment wp-att-515\"><img loading=\"lazy\" decoding=\"async\" class=\"alignnone size-medium wp-image-515\" src=\"http:\/\/www.holokrci.cz\/wp-content\/uploads\/2015\/08\/front-300x276.png\" alt=\"front\" width=\"300\" height=\"276\" srcset=\"https:\/\/www.holokrci.cz\/wp-content\/uploads\/2015\/08\/front-300x276.png 300w, https:\/\/www.holokrci.cz\/wp-content\/uploads\/2015\/08\/front-1024x942.png 1024w, https:\/\/www.holokrci.cz\/wp-content\/uploads\/2015\/08\/front.png 1126w\" sizes=\"auto, (max-width: 300px) 100vw, 300px\" \/><\/a><a href=\"http:\/\/www.holokrci.cz\/wp-content\/uploads\/2016\/03\/11214023_10201011063956269_7931495003218902140_n.jpg\" rel=\"attachment wp-att-605\"><img loading=\"lazy\" decoding=\"async\" class=\"alignnone size-medium wp-image-605\" src=\"http:\/\/www.holokrci.cz\/wp-content\/uploads\/2016\/03\/11214023_10201011063956269_7931495003218902140_n-300x200.jpg\" alt=\"11214023_10201011063956269_7931495003218902140_n\" width=\"300\" height=\"200\" srcset=\"https:\/\/www.holokrci.cz\/wp-content\/uploads\/2016\/03\/11214023_10201011063956269_7931495003218902140_n-300x200.jpg 300w, https:\/\/www.holokrci.cz\/wp-content\/uploads\/2016\/03\/11214023_10201011063956269_7931495003218902140_n-768x512.jpg 768w, https:\/\/www.holokrci.cz\/wp-content\/uploads\/2016\/03\/11214023_10201011063956269_7931495003218902140_n.jpg 960w\" sizes=\"auto, (max-width: 300px) 100vw, 300px\" \/><\/a>Spoustu fotek prozat\u00edm najdete na na\u0161ich FB str\u00e1nk\u00e1ch &#8211; <a title=\"Fotogalerie\" href=\"https:\/\/www.facebook.com\/pages\/Holokrci\/104166302350?sk=photos_stream\" target=\"_blank\" rel=\"noopener\">ZDE<\/a><\/p>\n\n\n<figure class=\"wp-block-image\"><img loading=\"lazy\" decoding=\"async\" width=\"8256\" height=\"5504\" src=\"https:\/\/www.holokrci.cz\/wp-content\/uploads\/2025\/12\/DSC0719.jpg\" alt=\"\" class=\"wp-image-1120\" srcset=\"https:\/\/www.holokrci.cz\/wp-content\/uploads\/2025\/12\/DSC0719.jpg 8256w, https:\/\/www.holokrci.cz\/wp-content\/uploads\/2025\/12\/DSC0719-300x200.jpg 300w, https:\/\/www.holokrci.cz\/wp-content\/uploads\/2025\/12\/DSC0719-1024x683.jpg 1024w, https:\/\/www.holokrci.cz\/wp-content\/uploads\/2025\/12\/DSC0719-768x512.jpg 768w, https:\/\/www.holokrci.cz\/wp-content\/uploads\/2025\/12\/DSC0719-1536x1024.jpg 1536w\" sizes=\"auto, (max-width: 8256px) 100vw, 8256px\" \/><\/figure>\n\n\n\n<figure class=\"wp-block-image\"><img loading=\"lazy\" decoding=\"async\" width=\"8256\" height=\"5504\" src=\"https:\/\/www.holokrci.cz\/wp-content\/uploads\/2025\/12\/DSC0719.jpg\" alt=\"\" class=\"wp-image-1120\" srcset=\"https:\/\/www.holokrci.cz\/wp-content\/uploads\/2025\/12\/DSC0719.jpg 8256w, https:\/\/www.holokrci.cz\/wp-content\/uploads\/2025\/12\/DSC0719-300x200.jpg 300w, https:\/\/www.holokrci.cz\/wp-content\/uploads\/2025\/12\/DSC0719-1024x683.jpg 1024w, https:\/\/www.holokrci.cz\/wp-content\/uploads\/2025\/12\/DSC0719-768x512.jpg 768w, https:\/\/www.holokrci.cz\/wp-content\/uploads\/2025\/12\/DSC0719-1536x1024.jpg 1536w\" sizes=\"auto, (max-width: 8256px) 100vw, 8256px\" \/><\/figure>\n\n\n\n<figure class=\"wp-block-image\"><img loading=\"lazy\" decoding=\"async\" width=\"8256\" height=\"5504\" src=\"https:\/\/www.holokrci.cz\/wp-content\/uploads\/2025\/12\/DSC0719.jpg\" alt=\"\" class=\"wp-image-1120\" srcset=\"https:\/\/www.holokrci.cz\/wp-content\/uploads\/2025\/12\/DSC0719.jpg 8256w, https:\/\/www.holokrci.cz\/wp-content\/uploads\/2025\/12\/DSC0719-300x200.jpg 300w, https:\/\/www.holokrci.cz\/wp-content\/uploads\/2025\/12\/DSC0719-1024x683.jpg 1024w, https:\/\/www.holokrci.cz\/wp-content\/uploads\/2025\/12\/DSC0719-768x512.jpg 768w, https:\/\/www.holokrci.cz\/wp-content\/uploads\/2025\/12\/DSC0719-1536x1024.jpg 1536w\" sizes=\"auto, (max-width: 8256px) 100vw, 8256px\" \/><\/figure>\n\n\n\n<figure class=\"wp-block-image\"><img loading=\"lazy\" decoding=\"async\" width=\"8256\" height=\"5504\" src=\"https:\/\/www.holokrci.cz\/wp-content\/uploads\/2025\/12\/DSC0719.jpg\" alt=\"\" class=\"wp-image-1120\" srcset=\"https:\/\/www.holokrci.cz\/wp-content\/uploads\/2025\/12\/DSC0719.jpg 8256w, https:\/\/www.holokrci.cz\/wp-content\/uploads\/2025\/12\/DSC0719-300x200.jpg 300w, https:\/\/www.holokrci.cz\/wp-content\/uploads\/2025\/12\/DSC0719-1024x683.jpg 1024w, https:\/\/www.holokrci.cz\/wp-content\/uploads\/2025\/12\/DSC0719-768x512.jpg 768w, https:\/\/www.holokrci.cz\/wp-content\/uploads\/2025\/12\/DSC0719-1536x1024.jpg 1536w\" sizes=\"auto, (max-width: 8256px) 100vw, 8256px\" \/><\/figure>\n\n\n\n<figure class=\"wp-block-image\"><img loading=\"lazy\" decoding=\"async\" width=\"8256\" height=\"5504\" src=\"https:\/\/www.holokrci.cz\/wp-content\/uploads\/2025\/12\/DSC0719.jpg\" alt=\"\" class=\"wp-image-1120\" srcset=\"https:\/\/www.holokrci.cz\/wp-content\/uploads\/2025\/12\/DSC0719.jpg 8256w, https:\/\/www.holokrci.cz\/wp-content\/uploads\/2025\/12\/DSC0719-300x200.jpg 300w, https:\/\/www.holokrci.cz\/wp-content\/uploads\/2025\/12\/DSC0719-1024x683.jpg 1024w, https:\/\/www.holokrci.cz\/wp-content\/uploads\/2025\/12\/DSC0719-768x512.jpg 768w, https:\/\/www.holokrci.cz\/wp-content\/uploads\/2025\/12\/DSC0719-1536x1024.jpg 1536w\" sizes=\"auto, (max-width: 8256px) 100vw, 8256px\" \/><\/figure>\n\n\n\n<figure class=\"wp-block-image\"><img loading=\"lazy\" decoding=\"async\" width=\"8256\" height=\"5504\" src=\"https:\/\/www.holokrci.cz\/wp-content\/uploads\/2025\/12\/DSC0719.jpg\" alt=\"\" class=\"wp-image-1120\" srcset=\"https:\/\/www.holokrci.cz\/wp-content\/uploads\/2025\/12\/DSC0719.jpg 8256w, https:\/\/www.holokrci.cz\/wp-content\/uploads\/2025\/12\/DSC0719-300x200.jpg 300w, https:\/\/www.holokrci.cz\/wp-content\/uploads\/2025\/12\/DSC0719-1024x683.jpg 1024w, https:\/\/www.holokrci.cz\/wp-content\/uploads\/2025\/12\/DSC0719-768x512.jpg 768w, https:\/\/www.holokrci.cz\/wp-content\/uploads\/2025\/12\/DSC0719-1536x1024.jpg 1536w\" sizes=\"auto, (max-width: 8256px) 100vw, 8256px\" \/><\/figure>\n","protected":false},"excerpt":{"rendered":"<p>Spoustu fotek prozat\u00edm najdete na na\u0161ich FB str\u00e1nk\u00e1ch &#8211; ZDE<\/p>\n","protected":false},"author":4,"featured_media":0,"parent":0,"menu_order":2,"comment_status":"closed","ping_status":"closed","template":"","meta":{"footnotes":""},"class_list":["post-383","page","type-page","status-publish","hentry"],"_links":{"self":[{"href":"https:\/\/www.holokrci.cz\/index.php?rest_route=\/wp\/v2\/pages\/383","targetHints":{"allow":["GET"]}}],"collection":[{"href":"https:\/\/www.holokrci.cz\/index.php?rest_route=\/wp\/v2\/pages"}],"about":[{"href":"https:\/\/www.holokrci.cz\/index.php?rest_route=\/wp\/v2\/types\/page"}],"author":[{"embeddable":true,"href":"https:\/\/www.holokrci.cz\/index.php?rest_route=\/wp\/v2\/users\/4"}],"replies":[{"embeddable":true,"href":"https:\/\/www.holokrci.cz\/index.php?rest_route=%2Fwp%2Fv2%2Fcomments&post=383"}],"version-history":[{"count":7,"href":"https:\/\/www.holokrci.cz\/index.php?rest_route=\/wp\/v2\/pages\/383\/revisions"}],"predecessor-version":[{"id":1122,"href":"https:\/\/www.holokrci.cz\/index.php?rest_route=\/wp\/v2\/pages\/383\/revisions\/1122"}],"wp:attachment":[{"href":"https:\/\/www.holokrci.cz\/index.php?rest_route=%2Fwp%2Fv2%2Fmedia&parent=383"}],"curies":[{"name":"wp","href":"https:\/\/api.w.org\/{rel}","templated":true}]}}